{"id":1001,"date":"2025-10-16T17:56:40","date_gmt":"2025-10-16T20:56:40","guid":{"rendered":"https:\/\/oca.ufpa.br\/?page_id=1001"},"modified":"2025-10-16T17:56:40","modified_gmt":"2025-10-16T20:56:40","slug":"mostra-cannino","status":"publish","type":"page","link":"https:\/\/oca.ufpa.br\/?page_id=1001","title":{"rendered":"Mostra Cannino"},"content":{"rendered":"\n<div class=\"wp-block-media-text alignfull is-stacked-on-mobile is-vertically-aligned-center has-contrast-background-color has-background\" style=\"grid-template-columns:52% auto\"><figure class=\"wp-block-media-text__media\"><img loading=\"lazy\" decoding=\"async\" width=\"940\" height=\"788\" src=\"https:\/\/oca.ufpa.br\/wp-content\/uploads\/2025\/10\/cannino-1.jpeg\" alt=\"\" class=\"wp-image-1004 size-full\" srcset=\"https:\/\/oca.ufpa.br\/wp-content\/uploads\/2025\/10\/cannino-1.jpeg 940w, https:\/\/oca.ufpa.br\/wp-content\/uploads\/2025\/10\/cannino-1-300x251.jpeg 300w, https:\/\/oca.ufpa.br\/wp-content\/uploads\/2025\/10\/cannino-1-768x644.jpeg 768w\" sizes=\"auto, (max-width: 940px) 100vw, 940px\" \/><\/figure><div class=\"wp-block-media-text__content\">\n<h2 class=\"wp-block-heading has-text-align-right has-base-2-color has-text-color\" style=\"font-size:clamp(1.092rem, 1.092rem + ((1vw - 0.2rem) * 1.013), 1.7rem);\">O Cannino \u00e9 um festival de cinema de Bel\u00e9m do Par\u00e1 que incentiva a produ\u00e7\u00e3o independente nos g\u00eaneros terror e horror. Criado pela turma de 2023 do Curso de Cinema e Audiovisual da UFPA, rapidamente se consolidou como um evento anual, funcionando tanto como laborat\u00f3rio de projetos quanto  mostra de filmes. Em sua edi\u00e7\u00e3o de 2024, o festival reuniu 120 pessoas e exibiu 20 curtas. Nessa Mostra realizada especialmente para o OCA UFPA, selecionamos sete filmes paraenses de terror exibidos no Festival <\/h2>\n<\/div><\/div>\n\n\n\n<div class=\"wp-block-cover alignfull has-parallax wp-duotone-unset-1\" style=\"padding-top:var(--wp--preset--spacing--50);padding-right:var(--wp--preset--spacing--50);padding-bottom:var(--wp--preset--spacing--50);padding-left:var(--wp--preset--spacing--50);min-height:409px;aspect-ratio:unset;\"><div class=\"wp-block-cover__image-background wp-image-1019 size-large has-parallax\" style=\"background-position:50% 50%;background-image:url(https:\/\/oca.ufpa.br\/wp-content\/uploads\/2025\/10\/WhatsApp-Image-2025-10-16-at-5.44.37-PM-1024x512.jpeg)\"><\/div><span aria-hidden=\"true\" class=\"wp-block-cover__background has-base-background-color has-background-dim-0 has-background-dim\"><\/span><div class=\"wp-block-cover__inner-container has-global-padding is-layout-constrained wp-container-core-cover-is-layout-e4fd886c wp-block-cover-is-layout-constrained\">\n<p class=\"has-text-align-center has-base-2-color has-text-color has-link-color wp-elements-aeddba494cf59fa05855c16715d8f410\" style=\"font-size:clamp(1.6rem, 1.6rem + ((1vw - 0.2rem) * 1.833), 2.7rem);\"><strong>Agradecemos a Prefer\u00eancia<\/strong><\/p>\n<\/div><\/div>\n\n\n\n<div class=\"wp-block-columns alignwide are-vertically-aligned-center has-base-2-color has-base-2-background-color has-text-color has-background has-link-color wp-elements-3beb30aa13241e2bff8530c2aa60d476 is-layout-flex wp-container-core-columns-is-layout-47c06fe3 wp-block-columns-is-layout-flex\">\n<div class=\"wp-block-column is-layout-flow wp-block-column-is-layout-flow\">\n<p class=\"has-text-align-right has-contrast-color has-text-color has-link-color wp-elements-f2e549be81cd534bccb92af1f30712a5\" style=\"font-size:clamp(14px, 0.875rem + ((1vw - 3.2px) * 0.625), 20px);\">J\u00falia vivia uma vida normal at\u00e9 ser estranhamente hipnotizada pelo frigor\u00edfico de seu supermercado.<\/p>\n\n\n\n<p class=\"has-text-align-right has-contrast-color has-text-color has-link-color wp-elements-40725cdfc8d923c790dccf4db61adc43\" style=\"font-size:clamp(14px, 0.875rem + ((1vw - 3.2px) * 0.625), 20px);\"><strong>Fic\u00e7\u00e3o<\/strong><br><strong>Dire\u00e7\u00e3o:<\/strong> Cec\u00edlia dos Anjos<br><br><\/p>\n<\/div>\n\n\n\n<div class=\"wp-block-column is-vertically-aligned-center is-layout-flow wp-block-column-is-layout-flow\" style=\"flex-basis:50%\">\n<figure class=\"wp-block-embed is-type-video is-provider-youtube wp-block-embed-youtube wp-embed-aspect-16-9 wp-has-aspect-ratio\"><div class=\"wp-block-embed__wrapper\">\n<iframe loading=\"lazy\" title=\"Agradecemos a Prefer\u00eancia\" width=\"500\" height=\"281\" src=\"https:\/\/www.youtube.com\/embed\/DiwPp9hK-Os?feature=oembed\" frameborder=\"0\" allow=\"accelerometer; autoplay; clipboard-write; encrypted-media; gyroscope; picture-in-picture; web-share\" referrerpolicy=\"strict-origin-when-cross-origin\" allowfullscreen><\/iframe>\n<\/div><\/figure>\n<\/div>\n<\/div>\n\n\n\n<div class=\"wp-block-cover alignfull has-parallax wp-duotone-unset-2\" style=\"padding-top:var(--wp--preset--spacing--50);padding-right:var(--wp--preset--spacing--50);padding-bottom:var(--wp--preset--spacing--50);padding-left:var(--wp--preset--spacing--50);min-height:409px;aspect-ratio:unset;\"><div class=\"wp-block-cover__image-background wp-image-1007 size-large has-parallax\" style=\"background-position:50% 50%;background-image:url(https:\/\/oca.ufpa.br\/wp-content\/uploads\/2025\/10\/WhatsApp-Image-2025-10-16-at-4.01.06-PM-1024x553.jpeg)\"><\/div><span aria-hidden=\"true\" class=\"wp-block-cover__background has-base-background-color has-background-dim-0 has-background-dim\"><\/span><div class=\"wp-block-cover__inner-container has-global-padding is-layout-constrained wp-container-core-cover-is-layout-e4fd886c wp-block-cover-is-layout-constrained\">\n<p class=\"has-text-align-center has-base-2-color has-text-color has-link-color wp-elements-97d4b807081ccb64ba856b74b9fb1a46\" style=\"font-size:clamp(1.6rem, 1.6rem + ((1vw - 0.2rem) * 1.833), 2.7rem);\"><strong>Big Fellings<\/strong><\/p>\n<\/div><\/div>\n\n\n\n<div class=\"wp-block-columns alignwide are-vertically-aligned-center has-base-2-color has-base-2-background-color has-text-color has-background has-link-color wp-elements-187659093a14979977859d0a4ec9973a is-layout-flex wp-container-core-columns-is-layout-47c06fe3 wp-block-columns-is-layout-flex\">\n<div class=\"wp-block-column is-layout-flow wp-block-column-is-layout-flow\">\n<p class=\"has-text-align-right has-contrast-color has-text-color has-link-color wp-elements-97460ffe9ac7ac80022cd678706d2bac\" style=\"font-size:clamp(14px, 0.875rem + ((1vw - 3.2px) * 0.625), 20px);\">\u00a0Uma jovem caminha tranquila em uma esta\u00e7\u00e3o, at\u00e9 notar que est\u00e1 sendo perseguida por algu\u00e9m. Ela tenta fugir at\u00e9 que \u00e9 encurralada por uma vers\u00e3o de algu\u00e9m da qual conhece muito bem.<\/p>\n\n\n\n<p class=\"has-text-align-right has-contrast-color has-text-color has-link-color wp-elements-a1ebd09ef9f3599979fccc3076ee02c7\" style=\"font-size:clamp(14px, 0.875rem + ((1vw - 3.2px) * 0.625), 20px);\"><strong>Videoclipe<\/strong><br><strong>Dire\u00e7\u00e3o:<\/strong> J\u00fanior Pinto<br><\/p>\n<\/div>\n\n\n\n<div class=\"wp-block-column is-vertically-aligned-center is-layout-flow wp-block-column-is-layout-flow\" style=\"flex-basis:50%\">\n<figure class=\"wp-block-embed is-type-video is-provider-youtube wp-block-embed-youtube wp-embed-aspect-16-9 wp-has-aspect-ratio\"><div class=\"wp-block-embed__wrapper\">\n<iframe loading=\"lazy\" title=\"Big Feelings\" width=\"500\" height=\"281\" src=\"https:\/\/www.youtube.com\/embed\/Fph33FR5fA0?feature=oembed\" frameborder=\"0\" allow=\"accelerometer; autoplay; clipboard-write; encrypted-media; gyroscope; picture-in-picture; web-share\" referrerpolicy=\"strict-origin-when-cross-origin\" allowfullscreen><\/iframe>\n<\/div><\/figure>\n<\/div>\n<\/div>\n\n\n\n<div class=\"wp-block-cover alignfull has-parallax wp-duotone-duotone-5\" style=\"padding-top:var(--wp--preset--spacing--50);padding-right:var(--wp--preset--spacing--50);padding-bottom:var(--wp--preset--spacing--50);padding-left:var(--wp--preset--spacing--50);min-height:409px;aspect-ratio:unset;\"><div class=\"wp-block-cover__image-background wp-image-1011 size-large has-parallax\" style=\"background-position:50% 50%;background-image:url(https:\/\/oca.ufpa.br\/wp-content\/uploads\/2025\/10\/WhatsApp-Image-2025-10-16-at-4.01.07-PM-2-1024x525.jpeg)\"><\/div><span aria-hidden=\"true\" class=\"wp-block-cover__background has-base-background-color has-background-dim-0 has-background-dim\"><\/span><div class=\"wp-block-cover__inner-container has-global-padding is-layout-constrained wp-container-core-cover-is-layout-e4fd886c wp-block-cover-is-layout-constrained\">\n<p class=\"has-text-align-center has-base-2-color has-text-color has-link-color wp-elements-fc42828d540ae6884e93ee9bb96910db\" style=\"font-size:clamp(1.6rem, 1.6rem + ((1vw - 0.2rem) * 1.833), 2.7rem);\"><strong>Casa de Cinzas<\/strong><\/p>\n<\/div><\/div>\n\n\n\n<div class=\"wp-block-columns alignwide are-vertically-aligned-center has-base-2-color has-base-2-background-color has-text-color has-background has-link-color wp-elements-29831af26b0fb15e54b9c49fda76e701 is-layout-flex wp-container-core-columns-is-layout-47c06fe3 wp-block-columns-is-layout-flex\">\n<div class=\"wp-block-column is-layout-flow wp-block-column-is-layout-flow\">\n<p class=\"has-text-align-right has-contrast-color has-text-color has-link-color wp-elements-f514c642da482738b1bfbdebd55e3a91\" style=\"font-size:clamp(14px, 0.875rem + ((1vw - 3.2px) * 0.625), 20px);\">\u00a0O filme narra um dia na vida de um homem durante o confinamento causado pela pandemia da COVID-19, mas algo dentro de sua casa n\u00e3o est\u00e1 certo.<\/p>\n\n\n\n<p class=\"has-text-align-right has-contrast-color has-text-color has-link-color wp-elements-4882bbbec3a5a4c1b0c16520adc4395b\" style=\"font-size:clamp(14px, 0.875rem + ((1vw - 3.2px) * 0.625), 20px);\"><strong>Fic\u00e7\u00e3o<\/strong><br><strong>Dire\u00e7\u00e3o:<\/strong> Kalel Pess\u00f4a<br><\/p>\n<\/div>\n\n\n\n<div class=\"wp-block-column is-vertically-aligned-center is-layout-flow wp-block-column-is-layout-flow\" style=\"flex-basis:50%\">\n<figure class=\"wp-block-embed is-type-video is-provider-youtube wp-block-embed-youtube wp-embed-aspect-4-3 wp-has-aspect-ratio\"><div class=\"wp-block-embed__wrapper\">\n<iframe loading=\"lazy\" title=\"Casa de Cinzas\" width=\"500\" height=\"375\" src=\"https:\/\/www.youtube.com\/embed\/v1OdqCynHN8?feature=oembed\" frameborder=\"0\" allow=\"accelerometer; autoplay; clipboard-write; encrypted-media; gyroscope; picture-in-picture; web-share\" referrerpolicy=\"strict-origin-when-cross-origin\" allowfullscreen><\/iframe>\n<\/div><\/figure>\n<\/div>\n<\/div>\n\n\n\n<div class=\"wp-block-cover alignfull has-parallax wp-duotone-unset-3\" style=\"padding-top:var(--wp--preset--spacing--50);padding-right:var(--wp--preset--spacing--50);padding-bottom:var(--wp--preset--spacing--50);padding-left:var(--wp--preset--spacing--50);min-height:409px;aspect-ratio:unset;\"><div class=\"wp-block-cover__image-background wp-image-1013 size-large has-parallax\" style=\"background-position:50% 50%;background-image:url(https:\/\/oca.ufpa.br\/wp-content\/uploads\/2025\/10\/WhatsApp-Image-2025-10-16-at-4.01.07-PM-3-1024x524.jpeg)\"><\/div><span aria-hidden=\"true\" class=\"wp-block-cover__background has-base-background-color has-background-dim-0 has-background-dim\"><\/span><div class=\"wp-block-cover__inner-container has-global-padding is-layout-constrained wp-container-core-cover-is-layout-e4fd886c wp-block-cover-is-layout-constrained\">\n<p class=\"has-text-align-center has-base-2-color has-text-color has-link-color wp-elements-ea6a0566e927c5d7580183e576fddd96\" style=\"font-size:clamp(1.6rem, 1.6rem + ((1vw - 0.2rem) * 1.833), 2.7rem);\"><strong>Cora\u00e7\u00e3o Delator<\/strong><\/p>\n<\/div><\/div>\n\n\n\n<div class=\"wp-block-columns alignwide are-vertically-aligned-center has-base-2-color has-base-2-background-color has-text-color has-background has-link-color wp-elements-42b7b6fa010b0a0e7c424cec6059f5c5 is-layout-flex wp-container-core-columns-is-layout-47c06fe3 wp-block-columns-is-layout-flex\">\n<div class=\"wp-block-column is-layout-flow wp-block-column-is-layout-flow\">\n<p class=\"has-text-align-right has-contrast-color has-text-color has-link-color wp-elements-98397fad3f415077fc9a19b380d78915\" style=\"font-size:clamp(14px, 0.875rem + ((1vw - 3.2px) * 0.625), 20px);\">Em uma velha pens\u00e3o, uma mulher desenvolve uma obsess\u00e3o pelos olhos de sua vizinha.<\/p>\n\n\n\n<p class=\"has-text-align-right has-contrast-color has-text-color has-link-color wp-elements-aa7ff8efbd69bb07066f062ddcc499a5\" style=\"font-size:clamp(14px, 0.875rem + ((1vw - 3.2px) * 0.625), 20px);\"> <strong>Fic\u00e7\u00e3o<\/strong><br><strong>Dire\u00e7\u00e3o:<\/strong> Victor Hugo Castro<\/p>\n<\/div>\n\n\n\n<div class=\"wp-block-column is-vertically-aligned-center is-layout-flow wp-block-column-is-layout-flow\" style=\"flex-basis:50%\">\n<figure class=\"wp-block-embed is-type-video is-provider-youtube wp-block-embed-youtube wp-embed-aspect-16-9 wp-has-aspect-ratio\"><div class=\"wp-block-embed__wrapper\">\n<iframe loading=\"lazy\" title=\"Corac\u0327a\u0303o Delator\" width=\"500\" height=\"281\" src=\"https:\/\/www.youtube.com\/embed\/0AumWbhgwdY?feature=oembed\" frameborder=\"0\" allow=\"accelerometer; autoplay; clipboard-write; encrypted-media; gyroscope; picture-in-picture; web-share\" referrerpolicy=\"strict-origin-when-cross-origin\" allowfullscreen><\/iframe>\n<\/div><\/figure>\n<\/div>\n<\/div>\n\n\n\n<div class=\"wp-block-cover alignfull has-parallax wp-duotone-unset-4\" style=\"padding-top:var(--wp--preset--spacing--50);padding-right:var(--wp--preset--spacing--50);padding-bottom:var(--wp--preset--spacing--50);padding-left:var(--wp--preset--spacing--50);min-height:409px;aspect-ratio:unset;\"><div class=\"wp-block-cover__image-background wp-image-1014 size-large has-parallax\" style=\"background-position:50% 50%;background-image:url(https:\/\/oca.ufpa.br\/wp-content\/uploads\/2025\/10\/WhatsApp-Image-2025-10-16-at-4.01.07-PM-4-1024x518.jpeg)\"><\/div><span aria-hidden=\"true\" class=\"wp-block-cover__background has-base-background-color has-background-dim-0 has-background-dim\"><\/span><div class=\"wp-block-cover__inner-container has-global-padding is-layout-constrained wp-container-core-cover-is-layout-e4fd886c wp-block-cover-is-layout-constrained\">\n<p class=\"has-text-align-center has-base-2-color has-text-color has-link-color wp-elements-373628c40a18cf3446570ee4214d85eb\" style=\"font-size:clamp(1.6rem, 1.6rem + ((1vw - 0.2rem) * 1.833), 2.7rem);\"><strong>Cris\u00e1lida<\/strong><\/p>\n<\/div><\/div>\n\n\n\n<div class=\"wp-block-columns alignwide are-vertically-aligned-center has-base-2-color has-base-2-background-color has-text-color has-background has-link-color wp-elements-5b1cc98fc2e923c6716ac49aee04b070 is-layout-flex wp-container-core-columns-is-layout-47c06fe3 wp-block-columns-is-layout-flex\">\n<div class=\"wp-block-column is-layout-flow wp-block-column-is-layout-flow\">\n<p class=\"has-text-align-right has-contrast-color has-text-color has-link-color wp-elements-0365a92c15ad77fae42205bfab5444a8\" style=\"font-size:clamp(14px, 0.875rem + ((1vw - 3.2px) * 0.625), 20px);\">\u00a0Davi visita a mem\u00f3ria do pior dia de sua vida: seu anivers\u00e1rio de 9 anos. <\/p>\n\n\n\n<p class=\"has-text-align-right has-contrast-color has-text-color has-link-color wp-elements-98a04ffc0134ece0d5ba49bd2342463a\" style=\"font-size:clamp(14px, 0.875rem + ((1vw - 3.2px) * 0.625), 20px);\"><br><strong>Fic\u00e7\u00e3o<\/strong><br><strong>Dire\u00e7\u00e3o:<\/strong> Beatriz Negr\u00e3o<\/p>\n<\/div>\n\n\n\n<div class=\"wp-block-column is-vertically-aligned-center is-layout-flow wp-block-column-is-layout-flow\" style=\"flex-basis:50%\">\n<figure class=\"wp-block-embed is-type-video is-provider-youtube wp-block-embed-youtube wp-embed-aspect-16-9 wp-has-aspect-ratio\"><div class=\"wp-block-embed__wrapper\">\n<iframe loading=\"lazy\" title=\"Cris\u00e1lida\" width=\"500\" height=\"281\" src=\"https:\/\/www.youtube.com\/embed\/yruJqxloDzQ?feature=oembed\" frameborder=\"0\" allow=\"accelerometer; autoplay; clipboard-write; encrypted-media; gyroscope; picture-in-picture; web-share\" referrerpolicy=\"strict-origin-when-cross-origin\" allowfullscreen><\/iframe>\n<\/div><\/figure>\n<\/div>\n<\/div>\n\n\n\n<div class=\"wp-block-cover alignfull is-light has-parallax wp-duotone-unset-5\" style=\"padding-top:var(--wp--preset--spacing--50);padding-right:var(--wp--preset--spacing--50);padding-bottom:var(--wp--preset--spacing--50);padding-left:var(--wp--preset--spacing--50);min-height:409px;aspect-ratio:unset;\"><div class=\"wp-block-cover__image-background wp-image-1015 size-full has-parallax\" style=\"background-position:50% 50%;background-image:url(https:\/\/oca.ufpa.br\/wp-content\/uploads\/2025\/10\/WhatsApp-Image-2025-10-16-at-4.01.06-PM-1.jpeg)\"><\/div><span aria-hidden=\"true\" class=\"wp-block-cover__background has-base-background-color has-background-dim-0 has-background-dim\"><\/span><div class=\"wp-block-cover__inner-container has-global-padding is-layout-constrained wp-container-core-cover-is-layout-e4fd886c wp-block-cover-is-layout-constrained\">\n<p class=\"has-text-align-center has-base-2-color has-text-color has-link-color wp-elements-9954506740d48dd47b88161910434d49\" style=\"font-size:clamp(1.6rem, 1.6rem + ((1vw - 0.2rem) * 1.833), 2.7rem);\"><strong>Recorr\u00eancia Eterna<\/strong><\/p>\n<\/div><\/div>\n\n\n\n<div class=\"wp-block-columns alignwide are-vertically-aligned-center has-base-2-color has-base-2-background-color has-text-color has-background has-link-color wp-elements-a7d43077e61f14377d3158469d6806ee is-layout-flex wp-container-core-columns-is-layout-47c06fe3 wp-block-columns-is-layout-flex\">\n<div class=\"wp-block-column is-layout-flow wp-block-column-is-layout-flow\">\n<p class=\"has-text-align-right has-contrast-color has-text-color has-link-color wp-elements-2a11bfbeb50ce5986fe826862e4408ec\" style=\"font-size:clamp(14px, 0.875rem + ((1vw - 3.2px) * 0.625), 20px);\">\u00a0Durante uma visita ao museu, uma emiss\u00e1ria c\u00ednica emerge com um press\u00e1gio cruel sobre Recorr\u00eancia Eterna.<\/p>\n\n\n\n<p class=\"has-text-align-right has-contrast-color has-text-color has-link-color wp-elements-993df4539970f761a1a8fd3ec8e1d926\" style=\"font-size:clamp(14px, 0.875rem + ((1vw - 3.2px) * 0.625), 20px);\"><br><strong>Experimental<\/strong><br><strong>Dire\u00e7\u00e3o:<\/strong> Lucas Koury<\/p>\n<\/div>\n\n\n\n<div class=\"wp-block-column is-vertically-aligned-center is-layout-flow wp-block-column-is-layout-flow\" style=\"flex-basis:50%\">\n<figure class=\"wp-block-embed is-type-video is-provider-youtube wp-block-embed-youtube wp-embed-aspect-4-3 wp-has-aspect-ratio\"><div class=\"wp-block-embed__wrapper\">\n<iframe loading=\"lazy\" title=\"Recorr\u00eancia Eterna\" width=\"500\" height=\"375\" src=\"https:\/\/www.youtube.com\/embed\/NYwU_TjDm3Y?feature=oembed\" frameborder=\"0\" allow=\"accelerometer; autoplay; clipboard-write; encrypted-media; gyroscope; picture-in-picture; web-share\" referrerpolicy=\"strict-origin-when-cross-origin\" allowfullscreen><\/iframe>\n<\/div><\/figure>\n<\/div>\n<\/div>\n\n\n\n<div class=\"wp-block-cover alignfull has-parallax wp-duotone-unset-6\" style=\"padding-top:var(--wp--preset--spacing--50);padding-right:var(--wp--preset--spacing--50);padding-bottom:var(--wp--preset--spacing--50);padding-left:var(--wp--preset--spacing--50);min-height:409px;aspect-ratio:unset;\"><div class=\"wp-block-cover__image-background wp-image-1016 size-full has-parallax\" style=\"background-position:50% 50%;background-image:url(https:\/\/oca.ufpa.br\/wp-content\/uploads\/2025\/10\/WhatsApp-Image-2025-10-16-at-4.01.07-PM.jpeg)\"><\/div><span aria-hidden=\"true\" class=\"wp-block-cover__background has-base-background-color has-background-dim-0 has-background-dim\"><\/span><div class=\"wp-block-cover__inner-container has-global-padding is-layout-constrained wp-container-core-cover-is-layout-e4fd886c wp-block-cover-is-layout-constrained\">\n<p class=\"has-text-align-center has-base-2-color has-text-color has-link-color wp-elements-e17e5a0f278e561adc5ccbb88d393557\" style=\"font-size:clamp(1.6rem, 1.6rem + ((1vw - 0.2rem) * 1.833), 2.7rem);\"><strong>Vampiras L\u00e9sbicas do <\/strong><br><strong>Espa\u00e7o Sideral<\/strong><\/p>\n<\/div><\/div>\n\n\n\n<div class=\"wp-block-columns alignwide are-vertically-aligned-center has-base-2-color has-base-2-background-color has-text-color has-background has-link-color wp-elements-d10e1c97bfa7835834c30bc5f68d1c58 is-layout-flex wp-container-core-columns-is-layout-47c06fe3 wp-block-columns-is-layout-flex\">\n<div class=\"wp-block-column is-layout-flow wp-block-column-is-layout-flow\">\n<p class=\"has-text-align-right has-contrast-color has-text-color has-link-color wp-elements-2fb92cee678df03a6539df8ebe23930b\" style=\"font-size:clamp(14px, 0.875rem + ((1vw - 3.2px) * 0.625), 20px);\">\u00a0Em busca de sangue novo, l\u00e9sbicas vampirescas encontram na Terra um grupo de garotas na floresta e uma oportunidade de se divertirem.<\/p>\n\n\n\n<p class=\"has-text-align-right has-contrast-color has-text-color has-link-color wp-elements-71092d48903f09c2b4491f6f84bef8db\" style=\"font-size:clamp(14px, 0.875rem + ((1vw - 3.2px) * 0.625), 20px);\"><strong>Videoclipe<\/strong><br><strong>Dire\u00e7\u00e3o:<\/strong> Tain\u00e1 Lobato<\/p>\n<\/div>\n\n\n\n<div class=\"wp-block-column is-vertically-aligned-center is-layout-flow wp-block-column-is-layout-flow\" style=\"flex-basis:50%\">\n<figure class=\"wp-block-embed is-type-video is-provider-youtube wp-block-embed-youtube wp-embed-aspect-16-9 wp-has-aspect-ratio\"><div class=\"wp-block-embed__wrapper\">\n<iframe loading=\"lazy\" title=\"Vampiras L\u00e9sbicas do Espa\u00e7o Sideral\" width=\"500\" height=\"281\" src=\"https:\/\/www.youtube.com\/embed\/GnXHuj8Crh8?feature=oembed\" frameborder=\"0\" allow=\"accelerometer; autoplay; clipboard-write; encrypted-media; gyroscope; picture-in-picture; web-share\" referrerpolicy=\"strict-origin-when-cross-origin\" allowfullscreen><\/iframe>\n<\/div><\/figure>\n<\/div>\n<\/div>\n\n\n\n<div class=\"wp-block-group alignfull has-base-color has-contrast-background-color has-text-color has-background is-layout-flow wp-block-group-is-layout-flow\" style=\"margin-top:0;margin-bottom:0;padding-top:var(--wp--preset--spacing--60);padding-right:var(--wp--preset--spacing--60);padding-bottom:var(--wp--preset--spacing--60);padding-left:var(--wp--preset--spacing--60);font-size:clamp(14px, 0.875rem + ((1vw - 3.2px) * 0.625), 20px);\">\n<div class=\"wp-block-group has-global-padding is-layout-constrained wp-block-group-is-layout-constrained\">\n<p class=\"has-text-align-center has-base-color has-text-color has-heading-font-family has-x-large-font-size\" style=\"line-height:1.2\"><em>Mostra Cannino<\/em><\/p>\n\n\n\n<p class=\"has-text-align-center\"><strong>Organiza\u00e7\u00e3o e Curadoria<\/strong><\/p>\n\n\n\n<p class=\"has-text-align-center\">Ana Clara Serr\u00e3o<br>Mateus Chucre<br>Roger Santos<\/p>\n\n\n\n<p class=\"has-text-align-center\"><strong>Produ\u00e7\u00e3o<\/strong><\/p>\n\n\n\n<p class=\"has-text-align-center\">Cec\u00edlia dos Anjos<\/p>\n<\/div>\n<\/div>\n\n\n\n<div class=\"wp-block-group is-vertical is-content-justification-center is-layout-flex wp-container-core-group-is-layout-838cd1cc wp-block-group-is-layout-flex\" style=\"padding-top:var(--wp--preset--spacing--40);padding-bottom:var(--wp--preset--spacing--50)\"><div class=\"is-default-size wp-block-site-logo wp-duotone-rgb5935215-rgba255255255001-7\"><a href=\"https:\/\/oca.ufpa.br\/\" class=\"custom-logo-link\" rel=\"home\"><img loading=\"lazy\" decoding=\"async\" width=\"400\" height=\"407\" src=\"https:\/\/oca.ufpa.br\/wp-content\/uploads\/2025\/03\/Logo-OCA.png\" class=\"custom-logo\" alt=\"OCA UFPA\" srcset=\"https:\/\/oca.ufpa.br\/wp-content\/uploads\/2025\/03\/Logo-OCA.png 400w, https:\/\/oca.ufpa.br\/wp-content\/uploads\/2025\/03\/Logo-OCA-295x300.png 295w\" sizes=\"auto, (max-width: 400px) 100vw, 400px\" \/><\/a><\/div>\n\n\n<p>OCA UFPA<\/p>\n\n\n\n<div class=\"wp-block-group has-global-padding is-layout-constrained wp-block-group-is-layout-constrained\">\n<p style=\"font-size:clamp(0.875rem, 0.875rem + ((1vw - 0.2rem) * 0.542), 1.2rem);\">Contato: observatoriodecinemadaufpa@gmail.com<\/p>\n<\/div>\n\n\n\n<figure class=\"wp-block-image size-large is-resized\"><img loading=\"lazy\" decoding=\"async\" width=\"1024\" height=\"194\" src=\"https:\/\/oca.ufpa.br\/wp-content\/uploads\/2025\/03\/logoss-1-1024x194.png\" alt=\"\" class=\"wp-image-139\" style=\"width:497px;height:auto\" srcset=\"https:\/\/oca.ufpa.br\/wp-content\/uploads\/2025\/03\/logoss-1-1024x194.png 1024w, https:\/\/oca.ufpa.br\/wp-content\/uploads\/2025\/03\/logoss-1-300x57.png 300w, https:\/\/oca.ufpa.br\/wp-content\/uploads\/2025\/03\/logoss-1-768x146.png 768w, https:\/\/oca.ufpa.br\/wp-content\/uploads\/2025\/03\/logoss-1.png 1404w\" sizes=\"auto, (max-width: 1024px) 100vw, 1024px\" \/><\/figure>\n\n\n\n<p class=\"has-text-align-center has-secondary-color has-text-color has-link-color has-small-font-size wp-elements-3eef97cbaa28907a6be3123f184924f9\">\n\tCriado com <a href=\"https:\/\/br.wordpress.org\" rel=\"nofollow\">WordPress<\/a>\t<\/p>\n<\/div>\n","protected":false},"excerpt":{"rendered":"<p>O Cannino \u00e9 um festival de cinema de Bel\u00e9m do Par\u00e1 que incentiva a produ\u00e7\u00e3o independente nos g\u00eaneros terror e horror. Criado pela turma de 2023 do Curso de Cinema e Audiovisual da UFPA, rapidamente se consolidou como um evento anual, funcionando tanto como laborat\u00f3rio de projetos quanto mostra de filmes. Em sua edi\u00e7\u00e3o de [&hellip;]<\/p>\n","protected":false},"author":1,"featured_media":0,"parent":0,"menu_order":0,"comment_status":"closed","ping_status":"closed","template":"","meta":{"footnotes":""},"class_list":["post-1001","page","type-page","status-publish","hentry"],"_links":{"self":[{"href":"https:\/\/oca.ufpa.br\/index.php?rest_route=\/wp\/v2\/pages\/1001","targetHints":{"allow":["GET"]}}],"collection":[{"href":"https:\/\/oca.ufpa.br\/index.php?rest_route=\/wp\/v2\/pages"}],"about":[{"href":"https:\/\/oca.ufpa.br\/index.php?rest_route=\/wp\/v2\/types\/page"}],"author":[{"embeddable":true,"href":"https:\/\/oca.ufpa.br\/index.php?rest_route=\/wp\/v2\/users\/1"}],"replies":[{"embeddable":true,"href":"https:\/\/oca.ufpa.br\/index.php?rest_route=%2Fwp%2Fv2%2Fcomments&post=1001"}],"version-history":[{"count":10,"href":"https:\/\/oca.ufpa.br\/index.php?rest_route=\/wp\/v2\/pages\/1001\/revisions"}],"predecessor-version":[{"id":1083,"href":"https:\/\/oca.ufpa.br\/index.php?rest_route=\/wp\/v2\/pages\/1001\/revisions\/1083"}],"wp:attachment":[{"href":"https:\/\/oca.ufpa.br\/index.php?rest_route=%2Fwp%2Fv2%2Fmedia&parent=1001"}],"curies":[{"name":"wp","href":"https:\/\/api.w.org\/{rel}","templated":true}]}}