{"id":1022,"date":"2025-10-16T18:04:16","date_gmt":"2025-10-16T21:04:16","guid":{"rendered":"https:\/\/oca.ufpa.br\/?page_id=1022"},"modified":"2025-12-22T15:24:09","modified_gmt":"2025-12-22T18:24:09","slug":"mostras","status":"publish","type":"page","link":"https:\/\/oca.ufpa.br\/?page_id=1022","title":{"rendered":"Mostras"},"content":{"rendered":"\n<div class=\"wp-block-media-text alignfull is-stacked-on-mobile is-vertically-aligned-center has-contrast-background-color has-background\" style=\"grid-template-columns:66% auto\"><figure class=\"wp-block-media-text__media\"><a href=\"https:\/\/oca.ufpa.br\/?page_id=1081\"><img loading=\"lazy\" decoding=\"async\" width=\"1000\" height=\"700\" src=\"https:\/\/oca.ufpa.br\/wp-content\/uploads\/2025\/03\/Design-sem-nome-5.png\" alt=\"\" class=\"wp-image-1066 size-full\" srcset=\"https:\/\/oca.ufpa.br\/wp-content\/uploads\/2025\/03\/Design-sem-nome-5.png 1000w, https:\/\/oca.ufpa.br\/wp-content\/uploads\/2025\/03\/Design-sem-nome-5-300x210.png 300w, https:\/\/oca.ufpa.br\/wp-content\/uploads\/2025\/03\/Design-sem-nome-5-768x538.png 768w\" sizes=\"auto, (max-width: 1000px) 100vw, 1000px\" \/><\/a><\/figure><div class=\"wp-block-media-text__content\">\n<h2 class=\"wp-block-heading has-text-align-right has-base-2-color has-text-color\" style=\"font-size:clamp(1.502rem, 1.502rem + ((1vw - 0.2rem) * 1.663), 2.5rem);\"><br>Os 10 Melhores Filmes da UFPA do S\u00e9culo XXI<\/h2>\n\n\n\n<h2 class=\"wp-block-heading has-text-align-right has-base-2-color has-text-color\" style=\"font-size:clamp(0.875rem, 0.875rem + ((1vw - 0.2rem) * 0.375), 1.1rem);\">62 filmes concorreram.<br>O voto popular \u00e9 soberano.<br>10 foram eleitos.<br>Confira os vencedores.<\/h2>\n\n\n\n<p class=\"has-text-align-right\"><\/p>\n\n\n\n<p>E<\/p>\n<\/div><\/div>\n\n\n\n<div class=\"wp-block-media-text alignfull is-stacked-on-mobile is-vertically-aligned-center has-contrast-background-color has-background\" style=\"grid-template-columns:52% auto\"><figure class=\"wp-block-media-text__media\"><a href=\"https:\/\/oca.ufpa.br\/?page_id=1001\"><img loading=\"lazy\" decoding=\"async\" width=\"940\" height=\"788\" src=\"https:\/\/oca.ufpa.br\/wp-content\/uploads\/2025\/10\/cannino-1.jpeg\" alt=\"\" class=\"wp-image-1004 size-full\" srcset=\"https:\/\/oca.ufpa.br\/wp-content\/uploads\/2025\/10\/cannino-1.jpeg 940w, https:\/\/oca.ufpa.br\/wp-content\/uploads\/2025\/10\/cannino-1-300x251.jpeg 300w, https:\/\/oca.ufpa.br\/wp-content\/uploads\/2025\/10\/cannino-1-768x644.jpeg 768w\" sizes=\"auto, (max-width: 940px) 100vw, 940px\" \/><\/a><\/figure><div class=\"wp-block-media-text__content\">\n<h2 class=\"wp-block-heading has-text-align-right has-base-2-color has-text-color\" style=\"font-size:clamp(0.929rem, 0.929rem + ((1vw - 0.2rem) * 0.785), 1.4rem);\">O Cannino \u00e9 um festival de cinema de Bel\u00e9m do Par\u00e1 que incentiva a produ\u00e7\u00e3o independente nos g\u00eaneros terror e horror. Criado pela turma de 2023 do Curso de Cinema e Audiovisual da UFPA, rapidamente se consolidou como um evento anual, funcionando tanto como laborat\u00f3rio de projetos quanto  mostra de filmes. Em sua edi\u00e7\u00e3o de 2024, o festival reuniu 120 pessoas e exibiu 20 curtas. Nessa Mostra realizada especialmente para o OCA UFPA, selecionamos sete filmes paraenses de terror exibidos no Festival <\/h2>\n<\/div><\/div>\n\n\n\n<div class=\"wp-block-media-text alignfull is-stacked-on-mobile is-vertically-aligned-center has-background\" style=\"background-color:#3b23d7;grid-template-columns:52% auto\"><figure class=\"wp-block-media-text__media\"><a href=\"https:\/\/oca.ufpa.br\/?page_id=231\"><img loading=\"lazy\" decoding=\"async\" width=\"976\" height=\"647\" src=\"https:\/\/oca.ufpa.br\/wp-content\/uploads\/2025\/03\/Captura-de-Tela-2025-03-06-as-15.54.27.png\" alt=\"\" class=\"wp-image-243 size-full\" srcset=\"https:\/\/oca.ufpa.br\/wp-content\/uploads\/2025\/03\/Captura-de-Tela-2025-03-06-as-15.54.27.png 976w, https:\/\/oca.ufpa.br\/wp-content\/uploads\/2025\/03\/Captura-de-Tela-2025-03-06-as-15.54.27-300x199.png 300w, https:\/\/oca.ufpa.br\/wp-content\/uploads\/2025\/03\/Captura-de-Tela-2025-03-06-as-15.54.27-768x509.png 768w\" sizes=\"auto, (max-width: 976px) 100vw, 976px\" \/><\/a><\/figure><div class=\"wp-block-media-text__content\">\n<h2 class=\"wp-block-heading has-text-align-right has-base-2-color has-text-color\" style=\"font-size:clamp(0.929rem, 0.929rem + ((1vw - 0.2rem) * 0.785), 1.4rem);\">Grande ator, reconhecido como mestre da arte da palha\u00e7aria, Zumba foi tamb\u00e9m um incentivador do cinema universit\u00e1rio. \u00c9 um dos rostos que mais se repete nos filmes do Curso de Cinema e Audiovisual da UFPA. Emprestou o seu talento e carisma, o seu olhar sereno, doce e profundo a v\u00e1rios personagens. Deu corpo ao sonho de jovens cineastas e ajudou a lan\u00e7ar as suas carreiras. Esta mostra \u00e9 uma pequena homenagem a esse grande artista que nos deixou em 2025. Assista abaixo a quatro filmes da UFPA e conhe\u00e7a os personagens aos quais Zumba deu vida.  <\/h2>\n<\/div><\/div>\n\n\n\n<div class=\"wp-block-group is-vertical is-content-justification-center is-layout-flex wp-container-core-group-is-layout-838cd1cc wp-block-group-is-layout-flex\" style=\"padding-top:var(--wp--preset--spacing--40);padding-bottom:var(--wp--preset--spacing--50)\"><div class=\"is-default-size wp-block-site-logo wp-duotone-rgb5935215-rgba255255255001-1\"><a href=\"https:\/\/oca.ufpa.br\/\" class=\"custom-logo-link\" rel=\"home\"><img loading=\"lazy\" decoding=\"async\" width=\"400\" height=\"407\" src=\"https:\/\/oca.ufpa.br\/wp-content\/uploads\/2025\/03\/Logo-OCA.png\" class=\"custom-logo\" alt=\"OCA UFPA\" srcset=\"https:\/\/oca.ufpa.br\/wp-content\/uploads\/2025\/03\/Logo-OCA.png 400w, https:\/\/oca.ufpa.br\/wp-content\/uploads\/2025\/03\/Logo-OCA-295x300.png 295w\" sizes=\"auto, (max-width: 400px) 100vw, 400px\" \/><\/a><\/div>\n\n\n<p>OCA UFPA<\/p>\n\n\n\n<div class=\"wp-block-group has-global-padding is-layout-constrained wp-block-group-is-layout-constrained\">\n<p style=\"font-size:clamp(0.875rem, 0.875rem + ((1vw - 0.2rem) * 0.542), 1.2rem);\">Contato: observatoriodecinemadaufpa@gmail.com<\/p>\n<\/div>\n\n\n\n<figure class=\"wp-block-image size-large is-resized\"><img loading=\"lazy\" decoding=\"async\" width=\"1024\" height=\"194\" src=\"https:\/\/oca.ufpa.br\/wp-content\/uploads\/2025\/03\/logoss-1-1024x194.png\" alt=\"\" class=\"wp-image-139\" style=\"width:497px;height:auto\" srcset=\"https:\/\/oca.ufpa.br\/wp-content\/uploads\/2025\/03\/logoss-1-1024x194.png 1024w, https:\/\/oca.ufpa.br\/wp-content\/uploads\/2025\/03\/logoss-1-300x57.png 300w, https:\/\/oca.ufpa.br\/wp-content\/uploads\/2025\/03\/logoss-1-768x146.png 768w, https:\/\/oca.ufpa.br\/wp-content\/uploads\/2025\/03\/logoss-1.png 1404w\" sizes=\"auto, (max-width: 1024px) 100vw, 1024px\" \/><\/figure>\n\n\n\n<p class=\"has-text-align-center has-secondary-color has-text-color has-link-color has-small-font-size wp-elements-3eef97cbaa28907a6be3123f184924f9\">\n\tCriado com <a href=\"https:\/\/br.wordpress.org\" rel=\"nofollow\">WordPress<\/a>\t<\/p>\n<\/div>\n","protected":false},"excerpt":{"rendered":"<p>Os 10 Melhores Filmes da UFPA do S\u00e9culo XXI 62 filmes concorreram.O voto popular \u00e9 soberano.10 foram eleitos.Confira os vencedores. E O Cannino \u00e9 um festival de cinema de Bel\u00e9m do Par\u00e1 que incentiva a produ\u00e7\u00e3o independente nos g\u00eaneros terror e horror. Criado pela turma de 2023 do Curso de Cinema e Audiovisual da UFPA, [&hellip;]<\/p>\n","protected":false},"author":1,"featured_media":0,"parent":0,"menu_order":0,"comment_status":"closed","ping_status":"closed","template":"","meta":{"footnotes":""},"class_list":["post-1022","page","type-page","status-publish","hentry"],"_links":{"self":[{"href":"https:\/\/oca.ufpa.br\/index.php?rest_route=\/wp\/v2\/pages\/1022","targetHints":{"allow":["GET"]}}],"collection":[{"href":"https:\/\/oca.ufpa.br\/index.php?rest_route=\/wp\/v2\/pages"}],"about":[{"href":"https:\/\/oca.ufpa.br\/index.php?rest_route=\/wp\/v2\/types\/page"}],"author":[{"embeddable":true,"href":"https:\/\/oca.ufpa.br\/index.php?rest_route=\/wp\/v2\/users\/1"}],"replies":[{"embeddable":true,"href":"https:\/\/oca.ufpa.br\/index.php?rest_route=%2Fwp%2Fv2%2Fcomments&post=1022"}],"version-history":[{"count":3,"href":"https:\/\/oca.ufpa.br\/index.php?rest_route=\/wp\/v2\/pages\/1022\/revisions"}],"predecessor-version":[{"id":1104,"href":"https:\/\/oca.ufpa.br\/index.php?rest_route=\/wp\/v2\/pages\/1022\/revisions\/1104"}],"wp:attachment":[{"href":"https:\/\/oca.ufpa.br\/index.php?rest_route=%2Fwp%2Fv2%2Fmedia&parent=1022"}],"curies":[{"name":"wp","href":"https:\/\/api.w.org\/{rel}","templated":true}]}}