{"id":143,"date":"2025-03-05T11:59:32","date_gmt":"2025-03-05T14:59:32","guid":{"rendered":"https:\/\/oca.ufpa.br\/?page_id=143"},"modified":"2025-09-01T18:58:16","modified_gmt":"2025-09-01T21:58:16","slug":"filme-do-mes","status":"publish","type":"page","link":"https:\/\/oca.ufpa.br\/?page_id=143","title":{"rendered":"Filme do M\u00eas"},"content":{"rendered":"\n<p class=\"has-text-align-center has-text-color has-link-color wp-elements-46273a5077abbfb5fb724d4b2c5bdb77\" style=\"color:#3b23d7;font-size:clamp(2.244rem, 2.244rem + ((1vw - 0.2rem) * 3.093), 4.1rem);\"><strong>Agosto de 2025<\/strong><\/p>\n\n\n\n<div class=\"wp-block-cover alignfull is-light has-parallax wp-duotone-unset-1\" style=\"padding-top:var(--wp--preset--spacing--50);padding-right:var(--wp--preset--spacing--50);padding-bottom:var(--wp--preset--spacing--50);padding-left:var(--wp--preset--spacing--50);min-height:517px;aspect-ratio:unset;\"><div class=\"wp-block-cover__image-background wp-image-233 size-large has-parallax\" style=\"background-position:50% 50%;background-image:url(https:\/\/oca.ufpa.br\/wp-content\/uploads\/2025\/03\/WhatsApp-Image-2025-02-23-at-10.47.23-1024x775.jpeg)\"><\/div><span aria-hidden=\"true\" class=\"wp-block-cover__background has-base-background-color has-background-dim-0 has-background-dim\"><\/span><div class=\"wp-block-cover__inner-container has-global-padding is-layout-constrained wp-container-core-cover-is-layout-e4fd886c wp-block-cover-is-layout-constrained\">\n<p class=\"has-text-align-center has-base-2-color has-text-color has-link-color wp-elements-09aacfb0559e2938a05e64fd8cde35c9\" style=\"font-size:clamp(2.587rem, 2.587rem + ((1vw - 0.2rem) * 3.855), 4.9rem);\"><strong>Fot\u00f3grafo de Fam\u00edlia<\/strong><\/p>\n<\/div><\/div>\n\n\n\n<div class=\"wp-block-group alignfull has-global-padding is-layout-constrained wp-container-core-group-is-layout-490fa1db wp-block-group-is-layout-constrained\" style=\"padding-top:var(--wp--preset--spacing--50);padding-right:var(--wp--preset--spacing--50);padding-bottom:var(--wp--preset--spacing--50);padding-left:var(--wp--preset--spacing--50)\">\n<figure class=\"wp-block-embed is-type-video is-provider-youtube wp-block-embed-youtube wp-embed-aspect-16-9 wp-has-aspect-ratio\"><div class=\"wp-block-embed__wrapper\">\n<iframe loading=\"lazy\" title=\"Fot\u00f3grafo de Fam\u00edlia\" width=\"500\" height=\"281\" src=\"https:\/\/www.youtube.com\/embed\/5hX0t6cVeQM?feature=oembed\" frameborder=\"0\" allow=\"accelerometer; autoplay; clipboard-write; encrypted-media; gyroscope; picture-in-picture; web-share\" referrerpolicy=\"strict-origin-when-cross-origin\" allowfullscreen><\/iframe>\n<\/div><\/figure>\n<\/div>\n\n\n\n<div class=\"wp-block-cover alignfull is-light has-parallax wp-duotone-unset-2\" style=\"padding-top:var(--wp--preset--spacing--50);padding-right:var(--wp--preset--spacing--50);padding-bottom:var(--wp--preset--spacing--50);padding-left:var(--wp--preset--spacing--50);min-height:517px;aspect-ratio:unset;\"><div class=\"wp-block-cover__image-background wp-image-915 size-large has-parallax\" style=\"background-position:50% 50%;background-image:url(https:\/\/oca.ufpa.br\/wp-content\/uploads\/2025\/08\/WhatsApp-Image-2025-08-01-at-6.44.51-PM-1-1024x542.jpeg)\"><\/div><span aria-hidden=\"true\" class=\"wp-block-cover__background has-base-background-color has-background-dim-0 has-background-dim\"><\/span><div class=\"wp-block-cover__inner-container has-global-padding is-layout-constrained wp-container-core-cover-is-layout-e4fd886c wp-block-cover-is-layout-constrained\">\n<p class=\"has-text-align-center has-base-2-color has-text-color has-link-color wp-elements-6bc68da5f8034e13f6b625e86c00ff57\" style=\"font-size:clamp(1.092rem, 1.092rem + ((1vw - 0.2rem) * 1.013), 1.7rem);\"><strong>Castelo \u00e9 um tradicional fot\u00f3grafo que reflete as mudan\u00e7as tecnol\u00f3gicas em um momento em que a fotografia digital come\u00e7a a tomar o mercado.<\/strong><\/p>\n<\/div><\/div>\n\n\n\n<div class=\"wp-block-group alignfull has-global-padding is-layout-constrained wp-container-core-group-is-layout-490fa1db wp-block-group-is-layout-constrained\" style=\"padding-top:var(--wp--preset--spacing--50);padding-right:var(--wp--preset--spacing--50);padding-bottom:var(--wp--preset--spacing--50);padding-left:var(--wp--preset--spacing--50)\">\n<figure class=\"wp-block-embed is-type-video is-provider-youtube wp-block-embed-youtube wp-embed-aspect-16-9 wp-has-aspect-ratio\"><div class=\"wp-block-embed__wrapper\">\n<iframe loading=\"lazy\" title=\"Apresenta\u00e7\u00e3o de Fot\u00f3grafo de Fam\u00edlia, pela diretora Denise Esp\u00edndola\" width=\"500\" height=\"281\" src=\"https:\/\/www.youtube.com\/embed\/Ws7P7SgdzN8?feature=oembed\" frameborder=\"0\" allow=\"accelerometer; autoplay; clipboard-write; encrypted-media; gyroscope; picture-in-picture; web-share\" referrerpolicy=\"strict-origin-when-cross-origin\" allowfullscreen><\/iframe>\n<\/div><\/figure>\n<\/div>\n\n\n\n<div class=\"wp-block-cover alignfull has-parallax wp-duotone-unset-3\" style=\"padding-top:var(--wp--preset--spacing--50);padding-right:var(--wp--preset--spacing--50);padding-bottom:var(--wp--preset--spacing--50);padding-left:var(--wp--preset--spacing--50);min-height:517px;aspect-ratio:unset;\"><div class=\"wp-block-cover__image-background wp-image-920 size-large has-parallax\" style=\"background-position:50% 50%;background-image:url(https:\/\/oca.ufpa.br\/wp-content\/uploads\/2025\/08\/WhatsApp-Image-2025-08-01-at-6.44.52-PM-1-1024x511.jpeg)\"><\/div><span aria-hidden=\"true\" class=\"wp-block-cover__background has-base-background-color has-background-dim-0 has-background-dim\"><\/span><div class=\"wp-block-cover__inner-container has-global-padding is-layout-constrained wp-container-core-cover-is-layout-e4fd886c wp-block-cover-is-layout-constrained\">\n<p class=\"has-text-align-center has-base-2-color has-text-color has-link-color wp-elements-b5f3ba965b89fd66825425eaf6a9b9ee\" style=\"font-size:clamp(0.984rem, 0.984rem + ((1vw - 0.2rem) * 0.86), 1.5rem);\"><strong>Fot\u00f3grafo de Fam\u00edlia foi o Trabalho de Conclus\u00e3o de tr\u00eas egressos do  Curso de Cinema e Audiovisual da UFPA: Denise Esp\u00edndola, que apresentou um Memorial de Dire\u00e7\u00e3o do filme; Jeane Navegantes, com um Memorial de Produ\u00e7\u00e3o; e Eduardo Cordeiro, com um Memorial de Dire\u00e7\u00e3o de Fotografia. <\/strong><\/p>\n<\/div><\/div>\n\n\n\n<div class=\"wp-block-group alignfull has-background has-global-padding is-layout-constrained wp-container-core-group-is-layout-490fa1db wp-block-group-is-layout-constrained\" style=\"background-color:#3b23d7;padding-top:var(--wp--preset--spacing--50);padding-right:var(--wp--preset--spacing--50);padding-bottom:var(--wp--preset--spacing--50);padding-left:var(--wp--preset--spacing--50)\">\n<p class=\"has-text-align-center has-base-2-color has-text-color has-link-color wp-elements-4235383221c2b164af342946d9b437f8\" style=\"font-size:clamp(14px, 0.875rem + ((1vw - 3.2px) * 0.417), 18px);\">&#8220;A narrativa contada no filme sempre esteve em minha mem\u00f3ria, nas lembran\u00e7as cotidianas de crescer no Foto Esp\u00edndola, est\u00fadio localizado na Av. Alcindo Cacela, onde meu av\u00f4 foi propriet\u00e1rio entre os anos 1970 e 2012 e onde cresci e me formei, fato ao qual atribuo ter me feito curiosa e criativa. Adorava imaginar as hist\u00f3rias daquelas pessoas e cada momento eternizado por uma fotografia. Foi na inten\u00e7\u00e3o de falar sobre esses momentos a partir da presen\u00e7a de um personagem muito importante, o fot\u00f3grafo profissional, que me veio a ideia para desenvolver o roteiro do filme.&#8221;<\/p>\n\n\n\n<p class=\"has-text-align-right has-base-2-color has-text-color has-link-color wp-elements-0742da50d12d4b3429f49398e8d5f67f\" style=\"font-size:clamp(14px, 0.875rem + ((1vw - 3.2px) * 0.625), 20px);\">Denise Esp\u00edndola<\/p>\n\n\n\n<div class=\"wp-block-buttons is-content-justification-center is-layout-flex wp-container-core-buttons-is-layout-a89b3969 wp-block-buttons-is-layout-flex\">\n<div class=\"wp-block-button\"><a class=\"wp-block-button__link has-text-align-center wp-element-button\" href=\"https:\/\/drive.google.com\/file\/d\/1I-z6934pIyhqophWgquXQLNJONfKkv6K\/view?usp=sharing\" target=\"_blank\" rel=\"noreferrer noopener\">Leia na \u00edntegra o Memorial de Dire\u00e7\u00e3o<\/a><\/div>\n<\/div>\n\n\n\n<p><\/p>\n\n\n\n<p class=\"has-text-align-center has-base-2-color has-text-color has-link-color wp-elements-1ae78f64e80d0c09da46a71d052fa8fa\" style=\"font-size:clamp(14px, 0.875rem + ((1vw - 3.2px) * 0.417), 18px);\">&#8220;Partindo da ideia de naturalismo, a escolha foi por planos amplos e cont\u00ednuos, com poucos cortes, visando criar uma sensa\u00e7\u00e3o de fluidez e continuidade, quase como se fossem v\u00e1rios planos longos. Usamos lentes de 24 mm para capturar esses planos abertos e, para os detalhes, optamos por lentes de 50mm. A lente de 24mm teve um papel central na produ\u00e7\u00e3o, buscando transmitir uma atmosfera realista que aproxima o espectador da rotina do personagem Castelo.&#8221;<\/p>\n\n\n\n<p class=\"has-text-align-right has-base-2-color has-text-color has-link-color wp-elements-983bb53c561d1b05215281f9489e9fe0\" style=\"font-size:clamp(14px, 0.875rem + ((1vw - 3.2px) * 0.625), 20px);\">Eduardo Cordeiro<\/p>\n\n\n\n<div class=\"wp-block-buttons is-content-justification-center is-layout-flex wp-container-core-buttons-is-layout-a89b3969 wp-block-buttons-is-layout-flex\">\n<div class=\"wp-block-button\"><a class=\"wp-block-button__link has-contrast-background-color has-background wp-element-button\" href=\"https:\/\/drive.google.com\/file\/d\/14pmg3wsNaSahH43lGgK3pZ5u-MDJefrz\/view?usp=sharing\" target=\"_blank\" rel=\"noreferrer noopener\">Leia na \u00edntegra o Memorial de Dire\u00e7\u00e3o de Fotografia<\/a><\/div>\n<\/div>\n\n\n\n<p><\/p>\n\n\n\n<p class=\"has-text-align-center has-base-2-color has-text-color has-link-color wp-elements-a8d90abc0fb81c1aaa66716e2a709e67\" style=\"font-size:clamp(14px, 0.875rem + ((1vw - 3.2px) * 0.417), 18px);\">&#8220;A constru\u00e7\u00e3o de coletivos que evolu\u00edram de grupos de trabalho dentro da universidade representa a consolida\u00e7\u00e3o de uma rede. Dentro do set de Fot\u00f3grafo de Fam\u00edlia, creio que foi criado um ambiente de respeito e aprendizagem, principalmente pelo grau de intimidade e amizade. Apesar de contratempos e imprevistos, o curta \u00e9 um exemplo de que o afeto importa na constru\u00e7\u00e3o de boas mem\u00f3rias.&#8221;<\/p>\n\n\n\n<p class=\"has-text-align-right has-base-2-color has-text-color has-link-color wp-elements-5c837301447cfe66bb61ccc168e8547d\" style=\"font-size:clamp(14px, 0.875rem + ((1vw - 3.2px) * 0.625), 20px);\">Jeane Navegantes<\/p>\n\n\n\n<div class=\"wp-block-buttons is-content-justification-center is-layout-flex wp-container-core-buttons-is-layout-a89b3969 wp-block-buttons-is-layout-flex\">\n<div class=\"wp-block-button\"><a class=\"wp-block-button__link has-contrast-background-color has-background wp-element-button\" href=\"https:\/\/drive.google.com\/file\/d\/1W3K0KZlk-GU89nSSmmtcGzX9JHlpqchF\/view\" target=\"_blank\" rel=\"noreferrer noopener\">Leia na \u00edntegra o Memorial de Produ\u00e7\u00e3o<\/a><\/div>\n<\/div>\n<\/div>\n\n\n\n<div class=\"wp-block-cover alignfull is-light has-parallax wp-duotone-unset-4\" style=\"padding-top:var(--wp--preset--spacing--50);padding-right:var(--wp--preset--spacing--50);padding-bottom:var(--wp--preset--spacing--50);padding-left:var(--wp--preset--spacing--50);min-height:517px;aspect-ratio:unset;\"><div class=\"wp-block-cover__image-background wp-image-917 size-full has-parallax\" style=\"background-position:50% 50%;background-image:url(https:\/\/oca.ufpa.br\/wp-content\/uploads\/2025\/08\/WhatsApp-Image-2025-08-01-at-6.44.51-PM-2.jpeg)\"><\/div><span aria-hidden=\"true\" class=\"wp-block-cover__background has-base-background-color has-background-dim-0 has-background-dim\"><\/span><div class=\"wp-block-cover__inner-container has-global-padding is-layout-constrained wp-container-core-cover-is-layout-e4fd886c wp-block-cover-is-layout-constrained\">\n<p class=\"has-text-align-center has-base-2-color has-text-color has-link-color wp-elements-05fe791f9e3481cbfc9e579c43eda85d\" style=\"font-size:clamp(1.092rem, 1.092rem + ((1vw - 0.2rem) * 1.013), 1.7rem);\"><strong>Uma cena por tr\u00e1s das c\u00e2meras<\/strong><\/p>\n<\/div><\/div>\n\n\n\n<div class=\"wp-block-group alignfull has-global-padding is-layout-constrained wp-container-core-group-is-layout-490fa1db wp-block-group-is-layout-constrained\" style=\"padding-top:var(--wp--preset--spacing--50);padding-right:var(--wp--preset--spacing--50);padding-bottom:var(--wp--preset--spacing--50);padding-left:var(--wp--preset--spacing--50)\">\n<figure class=\"wp-block-embed is-type-video is-provider-youtube wp-block-embed-youtube wp-embed-aspect-16-9 wp-has-aspect-ratio\"><div class=\"wp-block-embed__wrapper\">\n<iframe loading=\"lazy\" title=\"Uma cena por tr\u00e1s das c\u00e2meras (Fot\u00f3grafo de Fam\u00edlia)\" width=\"500\" height=\"281\" src=\"https:\/\/www.youtube.com\/embed\/pvYXHpEQI7U?feature=oembed\" frameborder=\"0\" allow=\"accelerometer; autoplay; clipboard-write; encrypted-media; gyroscope; picture-in-picture; web-share\" referrerpolicy=\"strict-origin-when-cross-origin\" allowfullscreen><\/iframe>\n<\/div><\/figure>\n<\/div>\n\n\n\n<div class=\"wp-block-cover alignfull has-parallax\" style=\"padding-top:var(--wp--preset--spacing--50);padding-right:var(--wp--preset--spacing--50);padding-bottom:var(--wp--preset--spacing--50);padding-left:var(--wp--preset--spacing--50);min-height:720px;aspect-ratio:unset;\"><div class=\"wp-block-cover__image-background wp-image-919 size-full has-parallax\" style=\"background-position:50% 50%;background-image:url(https:\/\/oca.ufpa.br\/wp-content\/uploads\/2025\/08\/WhatsApp-Image-2025-08-01-at-6.44.51-PM-2-1.jpeg)\"><\/div><span aria-hidden=\"true\" class=\"wp-block-cover__background has-base-background-color has-background-dim-0 has-background-dim\"><\/span><div class=\"wp-block-cover__inner-container has-global-padding is-layout-constrained wp-container-core-cover-is-layout-e4fd886c wp-block-cover-is-layout-constrained\">\n<p class=\"has-text-align-center\" style=\"font-size:clamp(2.587rem, 2.587rem + ((1vw - 0.2rem) * 3.855), 4.9rem);\"><\/p>\n<\/div><\/div>\n\n\n\n<div class=\"wp-block-group alignfull has-global-padding is-layout-constrained wp-container-core-group-is-layout-d89aad35 wp-block-group-is-layout-constrained\" style=\"margin-top:0;margin-bottom:0;padding-top:var(--wp--preset--spacing--50);padding-right:var(--wp--preset--spacing--50);padding-bottom:var(--wp--preset--spacing--50);padding-left:var(--wp--preset--spacing--50)\">\n<p class=\"has-text-align-center\" style=\"font-size:clamp(27.42px, 1.714rem + ((1vw - 3.2px) * 2.04), 47px);\">Sele\u00e7\u00f5es e Pr\u00eamios<\/p>\n\n\n\n<blockquote class=\"wp-block-quote is-layout-flow wp-block-quote-is-layout-flow\">\n<ul style=\"font-size:clamp(14.082px, 0.88rem + ((1vw - 3.2px) * 0.721), 21px);\" class=\"wp-block-list\">\n<li>7\u00ba Tor\u00f3: Festival Audiovisual Universit\u00e1rio de Bel\u00e9m (2023);<\/li>\n<\/ul>\n\n\n\n<ul style=\"font-size:clamp(14.082px, 0.88rem + ((1vw - 3.2px) * 0.721), 21px);\" class=\"wp-block-list\">\n<li>Mostra Moviola (2023);<\/li>\n<\/ul>\n\n\n\n<ul style=\"font-size:clamp(14.082px, 0.88rem + ((1vw - 3.2px) * 0.721), 21px);\" class=\"wp-block-list\">\n<li>Mostra UFPA &#8211; Casa das Artes (2023);<\/li>\n<\/ul>\n\n\n\n<ul style=\"font-size:clamp(14.082px, 0.88rem + ((1vw - 3.2px) * 0.721), 21px);\" class=\"wp-block-list\">\n<li>Olympia na Rua (2024);<\/li>\n<\/ul>\n<\/blockquote>\n<\/div>\n\n\n\n<div class=\"wp-block-cover alignfull is-light has-parallax wp-duotone-unset-5\" style=\"padding-top:var(--wp--preset--spacing--50);padding-right:var(--wp--preset--spacing--50);padding-bottom:var(--wp--preset--spacing--50);padding-left:var(--wp--preset--spacing--50);min-height:517px;aspect-ratio:unset;\"><div class=\"wp-block-cover__image-background wp-image-233 size-large has-parallax\" style=\"background-position:50% 50%;background-image:url(https:\/\/oca.ufpa.br\/wp-content\/uploads\/2025\/03\/WhatsApp-Image-2025-02-23-at-10.47.23-1024x775.jpeg)\"><\/div><span aria-hidden=\"true\" class=\"wp-block-cover__background has-base-background-color has-background-dim-0 has-background-dim\"><\/span><div class=\"wp-block-cover__inner-container has-global-padding is-layout-constrained wp-container-core-cover-is-layout-e4fd886c wp-block-cover-is-layout-constrained\">\n<p class=\"has-text-align-center has-base-2-color has-text-color has-link-color wp-elements-09aacfb0559e2938a05e64fd8cde35c9\" style=\"font-size:clamp(2.587rem, 2.587rem + ((1vw - 0.2rem) * 3.855), 4.9rem);\"><strong>Fot\u00f3grafo de Fam\u00edlia<\/strong><\/p>\n<\/div><\/div>\n\n\n\n<div class=\"wp-block-group is-vertical is-content-justification-center is-layout-flex wp-container-core-group-is-layout-838cd1cc wp-block-group-is-layout-flex\" style=\"padding-top:var(--wp--preset--spacing--40);padding-bottom:var(--wp--preset--spacing--50)\"><div class=\"is-default-size wp-block-site-logo wp-duotone-rgb5935215-rgba204204204005-6\"><a href=\"https:\/\/oca.ufpa.br\/\" class=\"custom-logo-link\" rel=\"home\"><img loading=\"lazy\" decoding=\"async\" width=\"400\" height=\"407\" src=\"https:\/\/oca.ufpa.br\/wp-content\/uploads\/2025\/03\/Logo-OCA.png\" class=\"custom-logo\" alt=\"OCA UFPA\" srcset=\"https:\/\/oca.ufpa.br\/wp-content\/uploads\/2025\/03\/Logo-OCA.png 400w, https:\/\/oca.ufpa.br\/wp-content\/uploads\/2025\/03\/Logo-OCA-295x300.png 295w\" sizes=\"auto, (max-width: 400px) 100vw, 400px\" \/><\/a><\/div>\n\n\n<p>OCA UFPA<\/p>\n\n\n\n<div class=\"wp-block-group has-global-padding is-layout-constrained wp-block-group-is-layout-constrained\">\n<p style=\"font-size:clamp(0.875rem, 0.875rem + ((1vw - 0.2rem) * 0.542), 1.2rem);\">Contato: observatoriodecinemadaufpa@gmail.com<\/p>\n<\/div>\n\n\n\n<figure class=\"wp-block-image size-large is-resized\"><img loading=\"lazy\" decoding=\"async\" width=\"1024\" height=\"194\" src=\"https:\/\/oca.ufpa.br\/wp-content\/uploads\/2025\/03\/logoss-1-1024x194.png\" alt=\"\" class=\"wp-image-139\" style=\"width:497px;height:auto\" srcset=\"https:\/\/oca.ufpa.br\/wp-content\/uploads\/2025\/03\/logoss-1-1024x194.png 1024w, https:\/\/oca.ufpa.br\/wp-content\/uploads\/2025\/03\/logoss-1-300x57.png 300w, https:\/\/oca.ufpa.br\/wp-content\/uploads\/2025\/03\/logoss-1-768x146.png 768w, https:\/\/oca.ufpa.br\/wp-content\/uploads\/2025\/03\/logoss-1.png 1404w\" sizes=\"auto, (max-width: 1024px) 100vw, 1024px\" \/><\/figure>\n\n\n\n<p class=\"has-text-align-center has-secondary-color has-text-color has-link-color has-small-font-size wp-elements-3eef97cbaa28907a6be3123f184924f9\">\n\tCriado com <a href=\"https:\/\/br.wordpress.org\" rel=\"nofollow\">WordPress<\/a>\t<\/p>\n\n\n\n<p><\/p>\n<\/div>\n","protected":false},"excerpt":{"rendered":"<p>Agosto de 2025 &#8220;A narrativa contada no filme sempre esteve em minha mem\u00f3ria, nas lembran\u00e7as cotidianas de crescer no Foto Esp\u00edndola, est\u00fadio localizado na Av. Alcindo Cacela, onde meu av\u00f4 foi propriet\u00e1rio entre os anos 1970 e 2012 e onde cresci e me formei, fato ao qual atribuo ter me feito curiosa e criativa. Adorava [&hellip;]<\/p>\n","protected":false},"author":1,"featured_media":0,"parent":0,"menu_order":0,"comment_status":"closed","ping_status":"closed","template":"","meta":{"footnotes":""},"class_list":["post-143","page","type-page","status-publish","hentry"],"_links":{"self":[{"href":"https:\/\/oca.ufpa.br\/index.php?rest_route=\/wp\/v2\/pages\/143","targetHints":{"allow":["GET"]}}],"collection":[{"href":"https:\/\/oca.ufpa.br\/index.php?rest_route=\/wp\/v2\/pages"}],"about":[{"href":"https:\/\/oca.ufpa.br\/index.php?rest_route=\/wp\/v2\/types\/page"}],"author":[{"embeddable":true,"href":"https:\/\/oca.ufpa.br\/index.php?rest_route=\/wp\/v2\/users\/1"}],"replies":[{"embeddable":true,"href":"https:\/\/oca.ufpa.br\/index.php?rest_route=%2Fwp%2Fv2%2Fcomments&post=143"}],"version-history":[{"count":48,"href":"https:\/\/oca.ufpa.br\/index.php?rest_route=\/wp\/v2\/pages\/143\/revisions"}],"predecessor-version":[{"id":961,"href":"https:\/\/oca.ufpa.br\/index.php?rest_route=\/wp\/v2\/pages\/143\/revisions\/961"}],"wp:attachment":[{"href":"https:\/\/oca.ufpa.br\/index.php?rest_route=%2Fwp%2Fv2%2Fmedia&parent=143"}],"curies":[{"name":"wp","href":"https:\/\/api.w.org\/{rel}","templated":true}]}}