{"id":732,"date":"2025-04-25T14:31:05","date_gmt":"2025-04-25T17:31:05","guid":{"rendered":"https:\/\/oca.ufpa.br\/?page_id=732"},"modified":"2025-09-01T21:25:06","modified_gmt":"2025-09-02T00:25:06","slug":"filme-do-mes-2","status":"publish","type":"page","link":"https:\/\/oca.ufpa.br\/?page_id=732","title":{"rendered":"Filme do M\u00eas"},"content":{"rendered":"\n<p class=\"has-text-align-center has-text-color has-link-color wp-elements-17a87432e80976353170b1cdad9371bd\" style=\"color:#4b69c5;font-size:clamp(2.2rem, 2.2rem + ((1vw - 0.2rem) * 3), 4rem);\"><strong>Setembro de 2025<\/strong><\/p>\n\n\n\n<div class=\"wp-block-cover alignfull has-parallax wp-duotone-unset-1\" style=\"padding-top:var(--wp--preset--spacing--50);padding-right:var(--wp--preset--spacing--50);padding-bottom:var(--wp--preset--spacing--50);padding-left:var(--wp--preset--spacing--50);min-height:517px;aspect-ratio:unset;\"><div class=\"wp-block-cover__image-background wp-image-955 size-large has-parallax\" style=\"background-position:50% 50%;background-image:url(https:\/\/oca.ufpa.br\/wp-content\/uploads\/2025\/09\/vlcsnap-2020-04-13-02h28m20s103-1024x576.png)\"><\/div><span aria-hidden=\"true\" class=\"wp-block-cover__background has-base-background-color has-background-dim-0 has-background-dim\"><\/span><div class=\"wp-block-cover__inner-container has-global-padding is-layout-constrained wp-container-core-cover-is-layout-e4fd886c wp-block-cover-is-layout-constrained\">\n<p class=\"has-text-align-center has-base-2-color has-text-color has-link-color wp-elements-8cba5560e7e88d04c6ba39e66e048512\" style=\"font-size:clamp(2.244rem, 2.244rem + ((1vw - 0.2rem) * 3.093), 4.1rem);\"><strong>Tra\u00e7ados<\/strong><\/p>\n<\/div><\/div>\n\n\n\n<div class=\"wp-block-group alignfull has-global-padding is-layout-constrained wp-container-core-group-is-layout-490fa1db wp-block-group-is-layout-constrained\" style=\"padding-top:var(--wp--preset--spacing--50);padding-right:var(--wp--preset--spacing--50);padding-bottom:var(--wp--preset--spacing--50);padding-left:var(--wp--preset--spacing--50)\">\n<figure class=\"wp-block-embed is-type-video is-provider-youtube wp-block-embed-youtube wp-embed-aspect-16-9 wp-has-aspect-ratio\"><div class=\"wp-block-embed__wrapper\">\n<iframe loading=\"lazy\" title=\"Trac\u0327ados\" width=\"500\" height=\"281\" src=\"https:\/\/www.youtube.com\/embed\/2s5zppWPknQ?feature=oembed\" frameborder=\"0\" allow=\"accelerometer; autoplay; clipboard-write; encrypted-media; gyroscope; picture-in-picture; web-share\" referrerpolicy=\"strict-origin-when-cross-origin\" allowfullscreen><\/iframe>\n<\/div><\/figure>\n<\/div>\n\n\n\n<div class=\"wp-block-cover alignfull has-parallax wp-duotone-unset-2\" style=\"padding-top:var(--wp--preset--spacing--50);padding-right:var(--wp--preset--spacing--50);padding-bottom:var(--wp--preset--spacing--50);padding-left:var(--wp--preset--spacing--50);min-height:568px;aspect-ratio:unset;\"><div class=\"wp-block-cover__image-background wp-image-956 size-full has-parallax\" style=\"background-position:50% 50%;background-image:url(https:\/\/oca.ufpa.br\/wp-content\/uploads\/2025\/09\/vlcsnap-2020-04-13-02h00m04s389.png)\"><\/div><span aria-hidden=\"true\" class=\"wp-block-cover__background has-base-background-color has-background-dim-0 has-background-dim\"><\/span><div class=\"wp-block-cover__inner-container has-global-padding is-layout-constrained wp-container-core-cover-is-layout-e4fd886c wp-block-cover-is-layout-constrained\">\n<p class=\"has-text-align-center\" style=\"font-size:clamp(1.092rem, 1.092rem + ((1vw - 0.2rem) * 1.013), 1.7rem);\">\u00c0s v\u00e9speras de sua primeira exposi\u00e7\u00e3o, Leo ainda tenta descobrir as melhores formas de expressar tanto sua arte quanto quem \u00e9.<br><\/p>\n<\/div><\/div>\n\n\n\n<div class=\"wp-block-group alignfull has-global-padding is-layout-constrained wp-container-core-group-is-layout-490fa1db wp-block-group-is-layout-constrained\" style=\"padding-top:var(--wp--preset--spacing--50);padding-right:var(--wp--preset--spacing--50);padding-bottom:var(--wp--preset--spacing--50);padding-left:var(--wp--preset--spacing--50)\">\n<figure class=\"wp-block-embed is-type-video is-provider-youtube wp-block-embed-youtube wp-embed-aspect-16-9 wp-has-aspect-ratio\"><div class=\"wp-block-embed__wrapper\">\n<iframe loading=\"lazy\" title=\"Apresenta\u00e7\u00e3o de Tra\u00e7ados, pelo diretor Rudyeri Ribeiro\" width=\"500\" height=\"281\" src=\"https:\/\/www.youtube.com\/embed\/FCwXqnhLXq0?feature=oembed\" frameborder=\"0\" allow=\"accelerometer; autoplay; clipboard-write; encrypted-media; gyroscope; picture-in-picture; web-share\" referrerpolicy=\"strict-origin-when-cross-origin\" allowfullscreen><\/iframe>\n<\/div><\/figure>\n<\/div>\n\n\n\n<div class=\"wp-block-cover alignfull has-parallax wp-duotone-duotone-5\" style=\"padding-top:var(--wp--preset--spacing--50);padding-right:var(--wp--preset--spacing--50);padding-bottom:var(--wp--preset--spacing--50);padding-left:var(--wp--preset--spacing--50);min-height:587px;aspect-ratio:unset;\"><div class=\"wp-block-cover__image-background wp-image-971 size-full has-parallax\" style=\"background-position:50% 50%;background-image:url(https:\/\/oca.ufpa.br\/wp-content\/uploads\/2025\/09\/IMG-20190824-WA0011.jpg)\"><\/div><span aria-hidden=\"true\" class=\"wp-block-cover__background has-base-background-color has-background-dim-0 has-background-dim\"><\/span><div class=\"wp-block-cover__inner-container has-global-padding is-layout-constrained wp-container-core-cover-is-layout-e4fd886c wp-block-cover-is-layout-constrained\">\n<p class=\"has-text-align-center has-base-color has-text-color has-link-color wp-elements-f73ce4fa92ce580a6c6c2ad0ed45092b\" style=\"font-size:clamp(0.929rem, 0.929rem + ((1vw - 0.2rem) * 0.785), 1.4rem);\"><strong><em>Tra\u00e7ados<\/em> \u00e9 um curta-metragem escrito e dirigido pelo artista cametaense Rudyeri Ribeiro, produzido como parte do Trabalho de Conclus\u00e3o de Curso do curso de Cinema e Audiovisual da UFPA\/Bel\u00e9m<\/strong><\/p>\n<\/div><\/div>\n\n\n\n<div class=\"wp-block-group alignfull has-background has-global-padding is-layout-constrained wp-container-core-group-is-layout-490fa1db wp-block-group-is-layout-constrained\" style=\"background-color:#3b23d7;padding-top:var(--wp--preset--spacing--50);padding-right:var(--wp--preset--spacing--50);padding-bottom:var(--wp--preset--spacing--50);padding-left:var(--wp--preset--spacing--50)\">\n<p class=\"has-text-align-center has-base-2-color has-text-color has-link-color wp-elements-02e84230d2aae9aa91c270f33af9265f\" style=\"font-size:clamp(14px, 0.875rem + ((1vw - 3.2px) * 0.417), 18px);\">Minha dire\u00e7\u00e3o foi regida pelo olhar opositor, ainda que minha atua\u00e7\u00e3o na fun\u00e7\u00e3o tenha sido em partes um processo bem mais intuitivo e emocional. A ideia principal para a condu\u00e7\u00e3o da obra era que o curta n\u00e3o tivesse um ritmo t\u00e3o fren\u00e9tico, ainda que o roteiro apresente e discuta muitas situa\u00e7\u00f5es. Meu objetivo era tratar com sutileza a maioria dos temas e sempre balancear mais a hist\u00f3ria para o lado do afeto.<\/p>\n\n\n\n<p class=\"has-text-align-right has-base-2-color has-text-color has-link-color wp-elements-99d3547dccfed6429786d836f222dd21\" style=\"font-size:clamp(14px, 0.875rem + ((1vw - 3.2px) * 0.625), 20px);\">Rudyeri Ribeiro<\/p>\n\n\n\n<div class=\"wp-block-buttons is-content-justification-center is-layout-flex wp-container-core-buttons-is-layout-a89b3969 wp-block-buttons-is-layout-flex\">\n<div class=\"wp-block-button\"><a class=\"wp-block-button__link has-text-align-center wp-element-button\" href=\"https:\/\/drive.google.com\/file\/d\/1WFqTa99JNEhKThnIpdbr6rcCJCGEEiO1\/view\" target=\"_blank\" rel=\"noreferrer noopener\">Leia na \u00edntegra o Memorial de Dire\u00e7\u00e3o<\/a><\/div>\n<\/div>\n<\/div>\n\n\n\n<div class=\"wp-block-cover alignfull has-parallax wp-duotone-unset-3\" style=\"padding-top:var(--wp--preset--spacing--50);padding-right:var(--wp--preset--spacing--50);padding-bottom:var(--wp--preset--spacing--50);padding-left:var(--wp--preset--spacing--50);min-height:506px;aspect-ratio:unset;\"><div class=\"wp-block-cover__image-background wp-image-969 size-full has-parallax\" style=\"background-position:50% 50%;background-image:url(https:\/\/oca.ufpa.br\/wp-content\/uploads\/2025\/09\/vlcsnap-2024-08-12-16h20m44s700.png)\"><\/div><span aria-hidden=\"true\" class=\"wp-block-cover__background has-base-background-color has-background-dim-0 has-background-dim\"><\/span><div class=\"wp-block-cover__inner-container has-global-padding is-layout-constrained wp-container-core-cover-is-layout-e4fd886c wp-block-cover-is-layout-constrained\">\n<p class=\"has-text-align-center has-large-font-size\"><\/p>\n<\/div><\/div>\n\n\n\n<div class=\"wp-block-group alignfull has-global-padding is-layout-constrained wp-container-core-group-is-layout-d89aad35 wp-block-group-is-layout-constrained\" style=\"margin-top:0;margin-bottom:0;padding-top:var(--wp--preset--spacing--50);padding-right:var(--wp--preset--spacing--50);padding-bottom:var(--wp--preset--spacing--50);padding-left:var(--wp--preset--spacing--50)\">\n<p class=\"has-text-align-center\" style=\"font-size:clamp(27.42px, 1.714rem + ((1vw - 3.2px) * 2.04), 47px);\">Sele\u00e7\u00f5es e Pr\u00eamios<\/p>\n\n\n\n<blockquote class=\"wp-block-quote is-layout-flow wp-block-quote-is-layout-flow\">\n<p style=\"font-size:clamp(0.875rem, 0.875rem + ((1vw - 0.2rem) * 0.708), 1.3rem);\"><strong>II Festival de Cinema Negro Z\u00e9lia Amador de Deus<\/strong><br>Pr\u00eamio de Melhor Curta-Metragem da Regi\u00e3o Amaz\u00f4nica<\/p>\n\n\n\n<p style=\"font-size:clamp(0.875rem, 0.875rem + ((1vw - 0.2rem) * 0.708), 1.3rem);\"><strong>14\u00ba Festival Vis\u00f5es Perif\u00e9ricas<\/strong><br>Men\u00e7\u00e3o Honrosa para a atriz Tertuliana Lopes<\/p>\n\n\n\n<p style=\"font-size:clamp(0.875rem, 0.875rem + ((1vw - 0.2rem) * 0.708), 1.3rem);\"><strong>2\u00ba FestCine Ita\u00fana<br><\/strong>Pr\u00eamio de Melhor Roteiro\/Mostra Cururu\u00e1<\/p>\n\n\n\n<p style=\"font-size:clamp(0.875rem, 0.875rem + ((1vw - 0.2rem) * 0.708), 1.3rem);\"><strong>CIndie Festival<\/strong><\/p>\n\n\n\n<p style=\"font-size:clamp(0.875rem, 0.875rem + ((1vw - 0.2rem) * 0.708), 1.3rem);\"><strong>V Curta Canedo<\/strong><\/p>\n\n\n\n<p style=\"font-size:clamp(0.875rem, 0.875rem + ((1vw - 0.2rem) * 0.708), 1.3rem);\"><strong>Circuito Penedo de Cinema<\/strong><\/p>\n\n\n\n<p style=\"font-size:clamp(0.875rem, 0.875rem + ((1vw - 0.2rem) * 0.708), 1.3rem);\"><strong>3\u00ba Festival Santa Cruz de Cinema<\/strong><\/p>\n\n\n\n<p style=\"font-size:clamp(0.875rem, 0.875rem + ((1vw - 0.2rem) * 0.708), 1.3rem);\"><strong>Festival Chib\u00e9<\/strong><\/p>\n\n\n\n<p style=\"font-size:clamp(0.875rem, 0.875rem + ((1vw - 0.2rem) * 0.708), 1.3rem);\"><strong>24\u00aa Mostra de Cinema de Tiradentes<\/strong><\/p>\n\n\n\n<p style=\"font-size:clamp(0.875rem, 0.875rem + ((1vw - 0.2rem) * 0.708), 1.3rem);\"><strong>#mosc &#8211; Mostra Ousmane Sembene de Cinema<\/strong><\/p>\n\n\n\n<p style=\"font-size:clamp(0.875rem, 0.875rem + ((1vw - 0.2rem) * 0.708), 1.3rem);\"><strong>16\u00aa Mostra Internacional de Cinema Negro<\/strong><\/p>\n<\/blockquote>\n<\/div>\n\n\n\n<div class=\"wp-block-cover alignfull has-parallax wp-duotone-unset-4\" style=\"padding-top:var(--wp--preset--spacing--50);padding-right:var(--wp--preset--spacing--50);padding-bottom:var(--wp--preset--spacing--50);padding-left:var(--wp--preset--spacing--50);min-height:517px;aspect-ratio:unset;\"><div class=\"wp-block-cover__image-background wp-image-957 size-large has-parallax\" style=\"background-position:50% 50%;background-image:url(https:\/\/oca.ufpa.br\/wp-content\/uploads\/2025\/09\/vlcsnap-2020-04-13-02h29m15s477-1024x576.png)\"><\/div><span aria-hidden=\"true\" class=\"wp-block-cover__background has-base-background-color has-background-dim-0 has-background-dim\"><\/span><div class=\"wp-block-cover__inner-container has-global-padding is-layout-constrained wp-container-core-cover-is-layout-e4fd886c wp-block-cover-is-layout-constrained\">\n<p class=\"has-text-align-center has-base-2-color has-text-color has-link-color wp-elements-8cba5560e7e88d04c6ba39e66e048512\" style=\"font-size:clamp(2.244rem, 2.244rem + ((1vw - 0.2rem) * 3.093), 4.1rem);\"><strong>Tra\u00e7ados<\/strong><\/p>\n<\/div><\/div>\n\n\n\n<p class=\"has-text-align-center\" style=\"font-size:clamp(0.929rem, 0.929rem + ((1vw - 0.2rem) * 0.785), 1.4rem);\"><strong>Veja tamb\u00e9m a cobertura do Filme do M\u00eas de Agosto<\/strong><\/p>\n\n\n\n<figure class=\"wp-block-image aligncenter size-full is-resized\"><a href=\"https:\/\/oca.ufpa.br\/?page_id=143\"><img loading=\"lazy\" decoding=\"async\" width=\"603\" height=\"860\" src=\"https:\/\/oca.ufpa.br\/wp-content\/uploads\/2025\/03\/Fotografo.png\" alt=\"\" class=\"wp-image-257\" style=\"width:323px;height:auto\" srcset=\"https:\/\/oca.ufpa.br\/wp-content\/uploads\/2025\/03\/Fotografo.png 603w, https:\/\/oca.ufpa.br\/wp-content\/uploads\/2025\/03\/Fotografo-210x300.png 210w\" sizes=\"auto, (max-width: 603px) 100vw, 603px\" \/><\/a><\/figure>\n\n\n\n<div class=\"wp-block-group is-vertical is-content-justification-center is-layout-flex wp-container-core-group-is-layout-838cd1cc wp-block-group-is-layout-flex\" style=\"padding-top:var(--wp--preset--spacing--40);padding-bottom:var(--wp--preset--spacing--50)\"><div class=\"is-default-size wp-block-site-logo wp-duotone-rgb5935215-rgba204204204005-5\"><a href=\"https:\/\/oca.ufpa.br\/\" class=\"custom-logo-link\" rel=\"home\"><img loading=\"lazy\" decoding=\"async\" width=\"400\" height=\"407\" src=\"https:\/\/oca.ufpa.br\/wp-content\/uploads\/2025\/03\/Logo-OCA.png\" class=\"custom-logo\" alt=\"OCA UFPA\" srcset=\"https:\/\/oca.ufpa.br\/wp-content\/uploads\/2025\/03\/Logo-OCA.png 400w, https:\/\/oca.ufpa.br\/wp-content\/uploads\/2025\/03\/Logo-OCA-295x300.png 295w\" sizes=\"auto, (max-width: 400px) 100vw, 400px\" \/><\/a><\/div>\n\n\n<p>OCA UFPA<\/p>\n\n\n\n<div class=\"wp-block-group has-global-padding is-layout-constrained wp-block-group-is-layout-constrained\">\n<p style=\"font-size:clamp(0.875rem, 0.875rem + ((1vw - 0.2rem) * 0.542), 1.2rem);\">Contato: observatoriodecinemadaufpa@gmail.com<\/p>\n<\/div>\n\n\n\n<figure class=\"wp-block-image size-large is-resized\"><img loading=\"lazy\" decoding=\"async\" width=\"1024\" height=\"194\" src=\"https:\/\/oca.ufpa.br\/wp-content\/uploads\/2025\/03\/logoss-1-1024x194.png\" alt=\"\" class=\"wp-image-139\" style=\"width:497px;height:auto\" srcset=\"https:\/\/oca.ufpa.br\/wp-content\/uploads\/2025\/03\/logoss-1-1024x194.png 1024w, https:\/\/oca.ufpa.br\/wp-content\/uploads\/2025\/03\/logoss-1-300x57.png 300w, https:\/\/oca.ufpa.br\/wp-content\/uploads\/2025\/03\/logoss-1-768x146.png 768w, https:\/\/oca.ufpa.br\/wp-content\/uploads\/2025\/03\/logoss-1.png 1404w\" sizes=\"auto, (max-width: 1024px) 100vw, 1024px\" \/><\/figure>\n\n\n\n<p class=\"has-text-align-center has-secondary-color has-text-color has-link-color has-small-font-size wp-elements-3eef97cbaa28907a6be3123f184924f9\">\n\tCriado com <a href=\"https:\/\/br.wordpress.org\" rel=\"nofollow\">WordPress<\/a>\t<\/p>\n\n\n\n<p><\/p>\n\n\n\n<p><\/p>\n<\/div>\n","protected":false},"excerpt":{"rendered":"<p>Setembro de 2025 Minha dire\u00e7\u00e3o foi regida pelo olhar opositor, ainda que minha atua\u00e7\u00e3o na fun\u00e7\u00e3o tenha sido em partes um processo bem mais intuitivo e emocional. A ideia principal para a condu\u00e7\u00e3o da obra era que o curta n\u00e3o tivesse um ritmo t\u00e3o fren\u00e9tico, ainda que o roteiro apresente e discuta muitas situa\u00e7\u00f5es. Meu [&hellip;]<\/p>\n","protected":false},"author":1,"featured_media":0,"parent":0,"menu_order":0,"comment_status":"closed","ping_status":"closed","template":"","meta":{"footnotes":""},"class_list":["post-732","page","type-page","status-publish","hentry"],"_links":{"self":[{"href":"https:\/\/oca.ufpa.br\/index.php?rest_route=\/wp\/v2\/pages\/732","targetHints":{"allow":["GET"]}}],"collection":[{"href":"https:\/\/oca.ufpa.br\/index.php?rest_route=\/wp\/v2\/pages"}],"about":[{"href":"https:\/\/oca.ufpa.br\/index.php?rest_route=\/wp\/v2\/types\/page"}],"author":[{"embeddable":true,"href":"https:\/\/oca.ufpa.br\/index.php?rest_route=\/wp\/v2\/users\/1"}],"replies":[{"embeddable":true,"href":"https:\/\/oca.ufpa.br\/index.php?rest_route=%2Fwp%2Fv2%2Fcomments&post=732"}],"version-history":[{"count":39,"href":"https:\/\/oca.ufpa.br\/index.php?rest_route=\/wp\/v2\/pages\/732\/revisions"}],"predecessor-version":[{"id":972,"href":"https:\/\/oca.ufpa.br\/index.php?rest_route=\/wp\/v2\/pages\/732\/revisions\/972"}],"wp:attachment":[{"href":"https:\/\/oca.ufpa.br\/index.php?rest_route=%2Fwp%2Fv2%2Fmedia&parent=732"}],"curies":[{"name":"wp","href":"https:\/\/api.w.org\/{rel}","templated":true}]}}